{"id":40386,"date":"2026-01-30T17:22:39","date_gmt":"2026-01-30T16:22:39","guid":{"rendered":"https:\/\/maguiblock.com\/?page_id=40386"},"modified":"2026-01-30T17:23:08","modified_gmt":"2026-01-30T16:23:08","slug":"politica-de-privacidad-de-magui-block","status":"publish","type":"page","link":"https:\/\/maguiblock.com\/en\/politica-de-privacidad-de-magui-block\/","title":{"rendered":"Pol\u00edtica de Privacidad de Magui Block"},"content":{"rendered":"<style>.kb-row-layout-id40386_e71900-2a > .kt-row-column-wrap{align-content:start;}:where(.kb-row-layout-id40386_e71900-2a > .kt-row-column-wrap) > .wp-block-kadence-column{justify-content:start;}.kb-row-layout-id40386_e71900-2a > .kt-row-column-wrap{column-gap:var(--global-kb-gap-md, 2rem);row-gap:var(--global-kb-gap-md, 2rem);max-width:var( --global-content-width, 2000px );padding-left:var(--global-content-edge-padding);padding-right:var(--global-content-edge-padding);padding-top:200px;padding-bottom:90px;grid-template-columns:minmax(0, 1fr);}.kb-row-layout-id40386_e71900-2a{background-image:url('https:\/\/maguiblock.com\/wp-content\/uploads\/2026\/01\/Frame-1-1-2.webp');background-size:cover;background-position:center center;background-attachment:scroll;background-repeat:no-repeat;}.kb-row-layout-id40386_e71900-2a > .kt-row-layout-overlay{opacity:0.70;background-color:var(--global-palette8, #F7FAFC);}@media all and (max-width: 1024px){.kb-row-layout-id40386_e71900-2a > .kt-row-column-wrap{grid-template-columns:minmax(0, 1fr);}}@media all and (max-width: 767px){.kb-row-layout-id40386_e71900-2a > .kt-row-column-wrap{padding-top:150px;grid-template-columns:minmax(0, 1fr);}}<\/style><div class=\"kb-row-layout-wrap kb-row-layout-id40386_e71900-2a alignnone kt-row-has-bg wp-block-kadence-rowlayout\"><div class=\"kt-row-layout-overlay kt-row-overlay-normal\"><\/div><div class=\"kt-row-column-wrap kt-has-1-columns kt-row-layout-equal kt-tab-layout-inherit kt-mobile-layout-row kt-row-valign-top kb-theme-content-width\">\n<style>.kadence-column40386_18d356-c0 > .kt-inside-inner-col,.kadence-column40386_18d356-c0 > .kt-inside-inner-col:before{border-top-left-radius:0px;border-top-right-radius:0px;border-bottom-right-radius:0px;border-bottom-left-radius:0px;}.kadence-column40386_18d356-c0 > .kt-inside-inner-col{column-gap:var(--global-kb-gap-sm, 1rem);}.kadence-column40386_18d356-c0 > .kt-inside-inner-col{flex-direction:column;}.kadence-column40386_18d356-c0 > .kt-inside-inner-col > .aligncenter{width:100%;}.kadence-column40386_18d356-c0 > .kt-inside-inner-col:before{opacity:0.3;}.kadence-column40386_18d356-c0{position:relative;}@media all and (max-width: 1024px){.kadence-column40386_18d356-c0 > .kt-inside-inner-col{flex-direction:column;justify-content:center;}}@media all and (max-width: 767px){.kadence-column40386_18d356-c0 > .kt-inside-inner-col{flex-direction:column;justify-content:center;}}<\/style>\n<div class=\"wp-block-kadence-column kadence-column40386_18d356-c0\"><div class=\"kt-inside-inner-col\"><style>.wp-block-kadence-advancedheading.kt-adv-heading40386_df9bc8-1b, .wp-block-kadence-advancedheading.kt-adv-heading40386_df9bc8-1b[data-kb-block=\"kb-adv-heading40386_df9bc8-1b\"]{text-align:center;font-size:65px;font-weight:800;font-style:normal;font-family:'Abhaya Libre';}.wp-block-kadence-advancedheading.kt-adv-heading40386_df9bc8-1b mark.kt-highlight, .wp-block-kadence-advancedheading.kt-adv-heading40386_df9bc8-1b[data-kb-block=\"kb-adv-heading40386_df9bc8-1b\"] mark.kt-highlight{font-style:normal;color:#f76a0c;-webkit-box-decoration-break:clone;box-decoration-break:clone;padding-top:0px;padding-right:0px;padding-bottom:0px;padding-left:0px;}.wp-block-kadence-advancedheading.kt-adv-heading40386_df9bc8-1b img.kb-inline-image, .wp-block-kadence-advancedheading.kt-adv-heading40386_df9bc8-1b[data-kb-block=\"kb-adv-heading40386_df9bc8-1b\"] img.kb-inline-image{width:150px;vertical-align:baseline;}@media all and (max-width: 767px){.wp-block-kadence-advancedheading.kt-adv-heading40386_df9bc8-1b, .wp-block-kadence-advancedheading.kt-adv-heading40386_df9bc8-1b[data-kb-block=\"kb-adv-heading40386_df9bc8-1b\"]{font-size:45px;}}<\/style>\n<h2 class=\"kt-adv-heading40386_df9bc8-1b wp-block-kadence-advancedheading has-theme-palette-9-color has-text-color\" data-kb-block=\"kb-adv-heading40386_df9bc8-1b\">Pol\u00edtica de Privacidad de Magui Block<\/h2>\n<\/div><\/div>\n\n<\/div><\/div>\n\n<style>.kb-row-layout-id40386_cfcf76-37 > .kt-row-column-wrap{align-content:start;}:where(.kb-row-layout-id40386_cfcf76-37 > .kt-row-column-wrap) > .wp-block-kadence-column{justify-content:start;}.kb-row-layout-id40386_cfcf76-37 > .kt-row-column-wrap{column-gap:var(--global-kb-gap-md, 2rem);row-gap:var(--global-kb-gap-md, 2rem);max-width:1100px;margin-left:auto;margin-right:auto;padding-top:80px;padding-bottom:80px;grid-template-columns:minmax(0, 1fr);}.kb-row-layout-id40386_cfcf76-37 > .kt-row-layout-overlay{opacity:0.30;}@media all and (max-width: 1024px){.kb-row-layout-id40386_cfcf76-37 > .kt-row-column-wrap{grid-template-columns:minmax(0, 1fr);}}@media all and (max-width: 767px){.kb-row-layout-id40386_cfcf76-37 > .kt-row-column-wrap{grid-template-columns:minmax(0, 1fr);}}<\/style><div class=\"kb-row-layout-wrap kb-row-layout-id40386_cfcf76-37 alignnone wp-block-kadence-rowlayout\"><div class=\"kt-row-column-wrap kt-has-1-columns kt-row-layout-equal kt-tab-layout-inherit kt-mobile-layout-row kt-row-valign-top\">\n<style>.kadence-column40386_7f61a1-1d > .kt-inside-inner-col,.kadence-column40386_7f61a1-1d > .kt-inside-inner-col:before{border-top-left-radius:0px;border-top-right-radius:0px;border-bottom-right-radius:0px;border-bottom-left-radius:0px;}.kadence-column40386_7f61a1-1d > .kt-inside-inner-col{column-gap:var(--global-kb-gap-sm, 1rem);}.kadence-column40386_7f61a1-1d > .kt-inside-inner-col{flex-direction:column;}.kadence-column40386_7f61a1-1d > .kt-inside-inner-col > .aligncenter{width:100%;}.kadence-column40386_7f61a1-1d > .kt-inside-inner-col:before{opacity:0.3;}.kadence-column40386_7f61a1-1d{position:relative;}@media all and (max-width: 1024px){.kadence-column40386_7f61a1-1d > .kt-inside-inner-col{flex-direction:column;justify-content:center;}}@media all and (max-width: 767px){.kadence-column40386_7f61a1-1d > .kt-inside-inner-col{flex-direction:column;justify-content:center;}}<\/style>\n<div class=\"wp-block-kadence-column kadence-column40386_7f61a1-1d\"><div class=\"kt-inside-inner-col\">\n<p>\u00a1Hola! Tu privacidad es fundamental para nosotros. Queremos que entiendas c\u00f3mo y por qu\u00e9 recopilamos, utilizamos y protegemos tu informaci\u00f3n personal cuando visitas nuestro sitio web. A continuaci\u00f3n, te explicamos de manera sencilla y clara nuestra pol\u00edtica de privacidad.<\/p>\n\n\n\n<p>Alcance<br>Este aviso es aplicable a todos los usuarios que utilizan los servicios ofrecidos por Administraci\u00f3n y Operaci\u00f3n de Recursos Humanos y\/o Magui Block globalmente, incluyendo a quienes utilizan nuestras plataformas, sitios web, funciones y dem\u00e1s servicios relacionados.<br>En el presente aviso, te explicamos c\u00f3mo se manejan y utilizan los datos que nos proporcionas. Este aviso es vinculante para todos los usuarios de Administraci\u00f3n y Operaci\u00f3n de Recursos Humanos y\/o Magui Block a nivel mundial, a menos que utilicen un servicio con un aviso de privacidad espec\u00edfico, distinto a este. Es aplicable espec\u00edficamente a las siguientes partes:<br>Clientes y consultantes: Individuos que solicitan o reciben servicios de crecimiento y bienestar a trav\u00e9s de su cuenta en Magui Block.<br>Facilitadores: Profesionales que proveen servicios relacionados con el crecimiento personal y tienen alguna asociaci\u00f3n con Magui Block.<br>Usuarios Invitados: Personas que reciben servicios por medio de las solicitudes de otros titulares de cuentas de Magui Block, que pueden ser corporativos o individuales.<br>Usuarios de Eventos: Personas que se inscriben o participan en eventos, talleres o sesiones ofrecidas por Magui Block, ya sea directamente o a trav\u00e9s de plataformas asociadas.<br>Suscriptores: Personas que se suscriben para recibir informaci\u00f3n, newsletters y comunicaciones de Magui Block.<br>A todos ellos nos referiremos de aqu\u00ed en adelante como \u201cusuarios\u201d.<br>Nuestras pr\u00e1cticas de privacidad est\u00e1n sujetas a la ley y solicitamos tu consentimiento para enviarte publicidad e informaci\u00f3n sobre nuestros productos y servicios por correo electr\u00f3nico u otros medios de comunicaci\u00f3n electr\u00f3nica equivalente.<br>Si tienes alguna duda, por favor escr\u00edbenos a hola@maguiblock.com.<\/p>\n\n\n\n<p>Responsable del tratamiento de datos<br>El responsable del tratamiento de los datos recopilados con relaci\u00f3n al uso de los servicios es Administraci\u00f3n y Operaci\u00f3n de Recursos Humanos, SA de CV, RFC AOR040713465 con domicilio en Tuxpan 2 int. 1103 piso 11 Roma Sur 06760, Ciudad de M\u00e9xico, M\u00e9xico.<\/p>\n\n\n\n<p>Tu Informaci\u00f3n Personal<br>\u00bfQu\u00e9 Recogemos?<br>Cuando visitas nuestro sitio, te solicitamos algunos datos b\u00e1sicos como tu nombre y correo electr\u00f3nico, y en caso de que realices una compra, te requeriremos informaci\u00f3n adicional para poder procesarla, como datos de tu forma de pago.<br>\u00bfPara Qu\u00e9 la Usamos?<br>Usamos tu informaci\u00f3n b\u00e1sica para ofrecerte un servicio excepcional, enviarte actualizaciones, ofertas especiales y para mejorar continuamente tu experiencia en nuestro sitio.<br>Protegiendo Tus Datos<br>Utilizamos sistemas avanzados y actualizados para proteger tus datos y asegurarnos de que nadie pueda acceder a ellos.<br>Conservaci\u00f3n y Tratamiento de Datos.<br>Los datos proporcionados y aquellos recabados durante tu navegaci\u00f3n pueden ser almacenados durante el tiempo legalmente establecido o hasta que solicites eliminarlos. Estos ser\u00e1n tratados con la finalidad de atender tus solicitudes, as\u00ed como para mantener la informaci\u00f3n sobre tus productos y formularios rellenados.<\/p>\n\n\n\n<p>Comunicaciones<br>Apreciamos la confianza que nos has otorgado y queremos ofrecerte servicios y productos que puedan interesarte. Por eso, al proporcionarnos tu correo electr\u00f3nico y\/o tu n\u00famero telef\u00f3nico, nos concedes tu consentimiento para enviarte comunicaciones informativas y promocionales. Si en alg\u00fan momento decides que ya no deseas recibir estas comunicaciones, puedes retirar tu consentimiento f\u00e1cilmente a trav\u00e9s de las opciones de cancelaci\u00f3n de suscripci\u00f3n disponibles.<\/p>\n\n\n\n<p>Ejercicio de Derechos<br>Estamos comprometidos con tu derecho a la privacidad y la autodeterminaci\u00f3n informativa. En cualquier momento, puedes ejercer tus derechos de acceso, rectificaci\u00f3n, cancelaci\u00f3n, y oposici\u00f3n de tus datos personales comunic\u00e1ndote con nosotros al correo: hola@maguiblock.com<\/p>\n\n\n\n<p>Cookies<br>Las cookies nos ayudan a entender tus preferencias cuando nos visitas, mejorando tu experiencia de navegaci\u00f3n. Puedes elegir si deseas aceptar o rechazar las cookies desde la configuraci\u00f3n de tu navegador.<\/p>\n\n\n\n<p>Enlaces Externos<br>Puedes encontrar enlaces a otros sitios en nuestra web que creemos podr\u00edan interesarte. Pero recuerda, una vez que hagas clic en estos enlaces, ya no tenemos control sobre ese otro sitio, as\u00ed que echa un vistazo a sus pol\u00edticas de privacidad tambi\u00e9n.<\/p>\n\n\n\n<p>Tienes Control Sobre Tu Informaci\u00f3n<br>Siempre tienes el control sobre tu informaci\u00f3n. Si no deseas recibir nuestros boletines o promociones, puedes cancelar la suscripci\u00f3n en cualquier momento.<\/p>\n\n\n\n<p>Venta de Informaci\u00f3n<br>Nunca venderemos tu informaci\u00f3n personal a terceros.<\/p>\n\n\n\n<p>Cambios en la Pol\u00edtica<br>Es posible que de vez en cuando actualicemos esta pol\u00edtica para reflejar cambios en nuestros servicios o en las leyes de privacidad aplicables. Te animamos a revisarla peri\u00f3dicamente.<\/p>\n<\/div><\/div>\n\n<\/div><\/div>","protected":false},"excerpt":{"rendered":"<p>Pol\u00edtica de Privacidad de Magui Block \u00a1Hola! Tu privacidad es fundamental para nosotros. Queremos que entiendas c\u00f3mo y por qu\u00e9&#8230;<\/p>","protected":false},"author":214249754,"featured_media":0,"parent":0,"menu_order":0,"comment_status":"closed","ping_status":"closed","template":"","meta":{"_kad_blocks_custom_css":"","_kad_blocks_head_custom_js":"","_kad_blocks_body_custom_js":"","_kad_blocks_footer_custom_js":"","_kad_post_transparent":"enable","_kad_post_title":"hide","_kad_post_layout":"fullwidth","_kad_post_sidebar_id":"","_kad_post_content_style":"unboxed","_kad_post_vertical_padding":"hide","_kad_post_feature":"hide","_kad_post_feature_position":"","_kad_post_header":false,"_kad_post_footer":false,"_kad_post_classname":"","footnotes":""},"class_list":["post-40386","page","type-page","status-publish","hentry"],"yoast_head":"<!-- This site is optimized with the Yoast SEO plugin v27.4 - https:\/\/yoast.com\/product\/yoast-seo-wordpress\/ -->\n<title>Pol\u00edtica de Privacidad de Magui Block - Magui Block Psicoterap\u00e9uta<\/title>\n<meta name=\"robots\" content=\"index, follow, max-snippet:-1, max-image-preview:large, max-video-preview:-1\" \/>\n<link rel=\"canonical\" href=\"https:\/\/maguiblock.com\/en\/politica-de-privacidad-de-magui-block\/\" \/>\n<meta property=\"og:locale\" content=\"en_US\" \/>\n<meta property=\"og:type\" content=\"article\" \/>\n<meta property=\"og:title\" content=\"Pol\u00edtica de Privacidad de Magui Block - Magui Block Psicoterap\u00e9uta\" \/>\n<meta property=\"og:description\" content=\"Pol\u00edtica de Privacidad de Magui Block \u00a1Hola! Tu privacidad es fundamental para nosotros. Queremos que entiendas c\u00f3mo y por qu\u00e9...\" \/>\n<meta property=\"og:url\" content=\"https:\/\/maguiblock.com\/en\/politica-de-privacidad-de-magui-block\/\" \/>\n<meta property=\"og:site_name\" content=\"Magui Block Psicoterap\u00e9uta\" \/>\n<meta property=\"article:modified_time\" content=\"2026-01-30T16:23:08+00:00\" \/>\n<meta name=\"twitter:card\" content=\"summary_large_image\" \/>\n<meta name=\"twitter:label1\" content=\"Est. reading time\" \/>\n\t<meta name=\"twitter:data1\" content=\"4 minutes\" \/>\n<script type=\"application\/ld+json\" class=\"yoast-schema-graph\">{\"@context\":\"https:\\\/\\\/schema.org\",\"@graph\":[{\"@type\":\"WebPage\",\"@id\":\"https:\\\/\\\/maguiblock.com\\\/politica-de-privacidad-de-magui-block\\\/\",\"url\":\"https:\\\/\\\/maguiblock.com\\\/politica-de-privacidad-de-magui-block\\\/\",\"name\":\"Pol\u00edtica de Privacidad de Magui Block - Magui Block Psicoterap\u00e9uta\",\"isPartOf\":{\"@id\":\"https:\\\/\\\/maguiblock.com\\\/#website\"},\"datePublished\":\"2026-01-30T16:22:39+00:00\",\"dateModified\":\"2026-01-30T16:23:08+00:00\",\"breadcrumb\":{\"@id\":\"https:\\\/\\\/maguiblock.com\\\/politica-de-privacidad-de-magui-block\\\/#breadcrumb\"},\"inLanguage\":\"en-US\",\"potentialAction\":[{\"@type\":\"ReadAction\",\"target\":[\"https:\\\/\\\/maguiblock.com\\\/politica-de-privacidad-de-magui-block\\\/\"]}]},{\"@type\":\"BreadcrumbList\",\"@id\":\"https:\\\/\\\/maguiblock.com\\\/politica-de-privacidad-de-magui-block\\\/#breadcrumb\",\"itemListElement\":[{\"@type\":\"ListItem\",\"position\":1,\"name\":\"Portada\",\"item\":\"https:\\\/\\\/maguiblock.com\\\/\"},{\"@type\":\"ListItem\",\"position\":2,\"name\":\"Pol\u00edtica de Privacidad de Magui Block\"}]},{\"@type\":\"WebSite\",\"@id\":\"https:\\\/\\\/maguiblock.com\\\/#website\",\"url\":\"https:\\\/\\\/maguiblock.com\\\/\",\"name\":\"Magui Block Psicoterap\u00e9uta\",\"description\":\"Transf\u00f3rmate con amor | Constelaciones familiares\",\"publisher\":{\"@id\":\"https:\\\/\\\/maguiblock.com\\\/#organization\"},\"potentialAction\":[{\"@type\":\"SearchAction\",\"target\":{\"@type\":\"EntryPoint\",\"urlTemplate\":\"https:\\\/\\\/maguiblock.com\\\/?s={search_term_string}\"},\"query-input\":{\"@type\":\"PropertyValueSpecification\",\"valueRequired\":true,\"valueName\":\"search_term_string\"}}],\"inLanguage\":\"en-US\"},{\"@type\":\"Organization\",\"@id\":\"https:\\\/\\\/maguiblock.com\\\/#organization\",\"name\":\"Magui Block Psicoterap\u00e9uta\",\"url\":\"https:\\\/\\\/maguiblock.com\\\/\",\"logo\":{\"@type\":\"ImageObject\",\"inLanguage\":\"en-US\",\"@id\":\"https:\\\/\\\/maguiblock.com\\\/#\\\/schema\\\/logo\\\/image\\\/\",\"url\":\"https:\\\/\\\/maguiblock.com\\\/wp-content\\\/uploads\\\/2026\\\/01\\\/Logo_Magui_color-2.png\",\"contentUrl\":\"https:\\\/\\\/maguiblock.com\\\/wp-content\\\/uploads\\\/2026\\\/01\\\/Logo_Magui_color-2.png\",\"width\":206,\"height\":67,\"caption\":\"Magui Block Psicoterap\u00e9uta\"},\"image\":{\"@id\":\"https:\\\/\\\/maguiblock.com\\\/#\\\/schema\\\/logo\\\/image\\\/\"}}]}<\/script>\n<!-- \/ Yoast SEO plugin. -->","yoast_head_json":{"title":"Pol\u00edtica de Privacidad de Magui Block - Magui Block Psicoterap\u00e9uta","robots":{"index":"index","follow":"follow","max-snippet":"max-snippet:-1","max-image-preview":"max-image-preview:large","max-video-preview":"max-video-preview:-1"},"canonical":"https:\/\/maguiblock.com\/en\/politica-de-privacidad-de-magui-block\/","og_locale":"en_US","og_type":"article","og_title":"Pol\u00edtica de Privacidad de Magui Block - Magui Block Psicoterap\u00e9uta","og_description":"Pol\u00edtica de Privacidad de Magui Block \u00a1Hola! Tu privacidad es fundamental para nosotros. Queremos que entiendas c\u00f3mo y por qu\u00e9...","og_url":"https:\/\/maguiblock.com\/en\/politica-de-privacidad-de-magui-block\/","og_site_name":"Magui Block Psicoterap\u00e9uta","article_modified_time":"2026-01-30T16:23:08+00:00","twitter_card":"summary_large_image","twitter_misc":{"Est. reading time":"4 minutes"},"schema":{"@context":"https:\/\/schema.org","@graph":[{"@type":"WebPage","@id":"https:\/\/maguiblock.com\/politica-de-privacidad-de-magui-block\/","url":"https:\/\/maguiblock.com\/politica-de-privacidad-de-magui-block\/","name":"Pol\u00edtica de Privacidad de Magui Block - Magui Block Psicoterap\u00e9uta","isPartOf":{"@id":"https:\/\/maguiblock.com\/#website"},"datePublished":"2026-01-30T16:22:39+00:00","dateModified":"2026-01-30T16:23:08+00:00","breadcrumb":{"@id":"https:\/\/maguiblock.com\/politica-de-privacidad-de-magui-block\/#breadcrumb"},"inLanguage":"en-US","potentialAction":[{"@type":"ReadAction","target":["https:\/\/maguiblock.com\/politica-de-privacidad-de-magui-block\/"]}]},{"@type":"BreadcrumbList","@id":"https:\/\/maguiblock.com\/politica-de-privacidad-de-magui-block\/#breadcrumb","itemListElement":[{"@type":"ListItem","position":1,"name":"Portada","item":"https:\/\/maguiblock.com\/"},{"@type":"ListItem","position":2,"name":"Pol\u00edtica de Privacidad de Magui Block"}]},{"@type":"WebSite","@id":"https:\/\/maguiblock.com\/#website","url":"https:\/\/maguiblock.com\/","name":"Magui Block Psicoterap\u00e9uta","description":"Transf\u00f3rmate con amor | Constelaciones familiares","publisher":{"@id":"https:\/\/maguiblock.com\/#organization"},"potentialAction":[{"@type":"SearchAction","target":{"@type":"EntryPoint","urlTemplate":"https:\/\/maguiblock.com\/?s={search_term_string}"},"query-input":{"@type":"PropertyValueSpecification","valueRequired":true,"valueName":"search_term_string"}}],"inLanguage":"en-US"},{"@type":"Organization","@id":"https:\/\/maguiblock.com\/#organization","name":"Magui Block Psicoterap\u00e9uta","url":"https:\/\/maguiblock.com\/","logo":{"@type":"ImageObject","inLanguage":"en-US","@id":"https:\/\/maguiblock.com\/#\/schema\/logo\/image\/","url":"https:\/\/maguiblock.com\/wp-content\/uploads\/2026\/01\/Logo_Magui_color-2.png","contentUrl":"https:\/\/maguiblock.com\/wp-content\/uploads\/2026\/01\/Logo_Magui_color-2.png","width":206,"height":67,"caption":"Magui Block Psicoterap\u00e9uta"},"image":{"@id":"https:\/\/maguiblock.com\/#\/schema\/logo\/image\/"}}]}},"featured_image_src_large":false,"author_info":{"display_name":"SANTIAGO NU\u00d1EZ LUQUE","author_link":"https:\/\/maguiblock.com\/en\/author\/design_santiago\/"},"comment_info":0,"taxonomy_info":[],"_links":{"self":[{"href":"https:\/\/maguiblock.com\/en\/wp-json\/wp\/v2\/pages\/40386","targetHints":{"allow":["GET"]}}],"collection":[{"href":"https:\/\/maguiblock.com\/en\/wp-json\/wp\/v2\/pages"}],"about":[{"href":"https:\/\/maguiblock.com\/en\/wp-json\/wp\/v2\/types\/page"}],"author":[{"embeddable":true,"href":"https:\/\/maguiblock.com\/en\/wp-json\/wp\/v2\/users\/214249754"}],"replies":[{"embeddable":true,"href":"https:\/\/maguiblock.com\/en\/wp-json\/wp\/v2\/comments?post=40386"}],"version-history":[{"count":3,"href":"https:\/\/maguiblock.com\/en\/wp-json\/wp\/v2\/pages\/40386\/revisions"}],"predecessor-version":[{"id":40389,"href":"https:\/\/maguiblock.com\/en\/wp-json\/wp\/v2\/pages\/40386\/revisions\/40389"}],"wp:attachment":[{"href":"https:\/\/maguiblock.com\/en\/wp-json\/wp\/v2\/media?parent=40386"}],"curies":[{"name":"wp","href":"https:\/\/api.w.org\/{rel}","templated":true}]}}