{"id":37792,"date":"2024-07-29T09:56:27","date_gmt":"2024-07-29T07:56:27","guid":{"rendered":"https:\/\/maguiblock.com\/?page_id=37792"},"modified":"2024-07-29T10:01:10","modified_gmt":"2024-07-29T08:01:10","slug":"diplomado-en-constelaciones-familiares","status":"publish","type":"page","link":"https:\/\/maguiblock.com\/en\/diplomado-en-constelaciones-familiares\/","title":{"rendered":"Diplomado en constelaciones familiares"},"content":{"rendered":"<h1>Diplomado en constelaciones familiares <\/h1>\n<p>\t\t\t\t\t\t\t\t\t\t\t\t\t<img loading=\"lazy\" decoding=\"async\" width=\"1200\" height=\"1006\" src=\"https:\/\/maguiblock.com\/wp-content\/uploads\/2022\/06\/Imagen-Magui-2_1200-x-1006-px.jpg\" alt=\"\" srcset=\"https:\/\/maguiblock.com\/wp-content\/uploads\/2022\/06\/Imagen-Magui-2_1200-x-1006-px.jpg 1200w, https:\/\/maguiblock.com\/wp-content\/uploads\/2022\/06\/Imagen-Magui-2_1200-x-1006-px-768x644.jpg 768w, https:\/\/maguiblock.com\/wp-content\/uploads\/2022\/06\/Imagen-Magui-2_1200-x-1006-px-1140x956.jpg 1140w, https:\/\/maguiblock.com\/wp-content\/uploads\/2022\/06\/Imagen-Magui-2_1200-x-1006-px-107x90.jpg 107w\" sizes=\"auto, (max-width: 1200px) 100vw, 1200px\" \/><br \/>\n\t\t\t\t\t\t\t\t\t\t\t\t\t<img loading=\"lazy\" decoding=\"async\" width=\"88\" height=\"90\" src=\"https:\/\/maguiblock.com\/wp-content\/uploads\/2022\/06\/Mariposa.png\" alt=\"\" \/><br \/>\n\t\t\tDiploma<\/p>\n<h3>Convi\u00e9rtete en facilitadora(o) del m\u00e9todo Magui Block <\/h3>\n<p>Claro, aqu\u00ed tienes el texto modificado:<br \/>\nTe presento el <strong>diplomado en Constelaciones Familiares<\/strong>, donde descubrir\u00e1s el efectivo <strong>method Magui Block\u00ae<\/strong>, que integra las <strong>more advanced techniques in psychotherapy<\/strong>. Este enfoque exclusivo te permitir\u00e1 alcanzar resultados significativos en un tiempo sorprendente.<br \/>\n\t\t\t<a  role=\"button\" href=\"https:\/\/maguiblock.com\/en\/curso\/diplomado-en-constelaciones-familiares\/\">Sign up now<\/a><br \/>\n\t\t\tDiplomado en constelaciones familiares<\/p>\n<h3>Create a career useful and prosperous supporting others to transform<\/h3>\n<h3>Generates love<\/h3>\n<p>Done a significant work that is deeply rewarding and creates more love in the world.<\/p>\n<h3>Help others<\/h3>\n<p>Start running profitable by helping people to break free from that which is in their way to be happy.<\/p>\n<h3>Test<\/h3>\n<p>Make any changes you push to your next professional level at the time you transform with love.<\/p>\n<p>\t\t\tDiplomado en constelaciones familiares<\/p>\n<h3>Includes six seminars<\/h3>\n<p>Each seminar is a complete course in itself, and from the first, you can apply what you&#039;ve learned; to transform it with love giving sessions to yourself and to others.<\/p>\n<p>Also it is possible to study only one that interests you*(restrictions apply) and then decide if you want to conclude the program. I recommend you to study it full in the order in which they are listed seminars to get the most benefit.<\/p>\n<p style=\"text-align: right;\"><em>*To take the seminar of Constellations, systemic, it is necessary to have completed before the seminars: Healing the family, Healed systems and therapeutic Skills.<\/em><\/p>\n<ul>\n<li>\n\t\t\t\t\t\t\t\t\t\t\t<a href=\"https:\/\/maguiblock.com\/en\/curso\/atrae-al-amor-de-tu-vida\/\"><br \/>\n\t\t\t\t\t\t\t\t\t\tAttract the love of your life<br \/>\n\t\t\t\t\t\t\t\t\t\t\t<\/a>\n\t\t\t\t\t\t\t\t\t<\/li>\n<li>\n\t\t\t\t\t\t\t\t\t\t\t<a href=\"https:\/\/maguiblock.com\/en\/curso\/sanando-la-familia\/\"><br \/>\n\t\t\t\t\t\t\t\t\t\tHealing the family<br \/>\n\t\t\t\t\t\t\t\t\t\t\t<\/a>\n\t\t\t\t\t\t\t\t\t<\/li>\n<li>\n\t\t\t\t\t\t\t\t\t\t\t<a href=\"https:\/\/maguiblock.com\/en\/curso\/sanando-los-sistemas\/\"><br \/>\n\t\t\t\t\t\t\t\t\t\tHealing systems<br \/>\n\t\t\t\t\t\t\t\t\t\t\t<\/a>\n\t\t\t\t\t\t\t\t\t<\/li>\n<li>\n\t\t\t\t\t\t\t\t\t\t\t<a href=\"https:\/\/maguiblock.com\/en\/curso\/habilidades-terapeuticas\/\"><br \/>\n\t\t\t\t\t\t\t\t\t\tTHERAPEUTIC HABILITIES<br \/>\n\t\t\t\t\t\t\t\t\t\t\t<\/a>\n\t\t\t\t\t\t\t\t\t<\/li>\n<li>\n\t\t\t\t\t\t\t\t\t\t\t<a href=\"https:\/\/maguiblock.com\/en\/curso\/constelaciones-sistemicas\/\"><br \/>\n\t\t\t\t\t\t\t\t\t\tConstellations systemic*<br \/>\n\t\t\t\t\t\t\t\t\t\t\t<\/a>\n\t\t\t\t\t\t\t\t\t<\/li>\n<li>\n\t\t\t\t\t\t\t\t\t\t\t<a href=\"https:\/\/maguiblock.com\/en\/curso\/maestria\/\"><br \/>\n\t\t\t\t\t\t\t\t\t\tMASTERS<br \/>\n\t\t\t\t\t\t\t\t\t\t\t<\/a>\n\t\t\t\t\t\t\t\t\t<\/li>\n<\/ul>\n<p>\t\t\tDiplomado en constelaciones familiares<\/p>\n<h3>HOW IT WORKS?<\/h3>\n<h4 id=\"wgl-accordion_header-4271\" data-default=\"yes\">Materials<\/h4>\n<p>The register is generated for an account of a student(or) in the website, and with it you will have access to the materials of the diploma course: lessons, audios, videos, and manuals.<\/p>\n<h4 id=\"wgl-accordion_header-4272\" data-default=\"\">Preparaci\u00f3n<\/h4>\n<p>Antes de iniciar el diplomado estar\u00e1n disponibles para ti los videos de preparaci\u00f3n, el <strong>manual de bienvenida.<\/strong><\/p>\n<p>Dos semanas antes de cada seminario podr\u00e1s <strong>descargar el manual<\/strong> para leerlo con anticipaci\u00f3n y estar lista(o) para el entrenamiento.<\/p>\n<h4 id=\"wgl-accordion_header-4273\" data-default=\"\">Seminars<\/h4>\n<p>Cada seminario se imparte durante <strong>16 horas<\/strong> \u2014cuatro clases de cuatro horas cada una, con dos o tres recesos cortos\u2014. Todas <strong>las clases se graban<\/strong>, y tendr\u00e1s acceso ilimitado a ellas a trav\u00e9s de tu cuenta.<\/p>\n<p>Entre cada seminario hay al menos un mes de separaci\u00f3n, para que puedas realizar las <strong>pr\u00e1cticas e integrar lo aprendido<\/strong>.<\/p>\n<h4 id=\"wgl-accordion_header-4274\" data-default=\"\">Live sessions<\/h4>\n<p>El diplomado se imparte en vivo una sola vez, pero queda grabado para las futuras generaciones. Si no deseas salir en la grabaci\u00f3n, puedes apagar tu c\u00e1mara y hacer preguntas por chat.<\/p>\n<p>Si la dejas prendida y participas en los modelajes, est\u00e1s expresando tu permiso para ser grabada(o) y formar parte del entrenamiento de futuras generaciones.<\/p>\n<p>\t\t\t\t\t\t\t\t\t\t\t\t\t<img loading=\"lazy\" decoding=\"async\" width=\"1200\" height=\"1006\" src=\"https:\/\/maguiblock.com\/wp-content\/uploads\/2022\/07\/C2.jpg\" alt=\"\" srcset=\"https:\/\/maguiblock.com\/wp-content\/uploads\/2022\/07\/C2.jpg 1200w, https:\/\/maguiblock.com\/wp-content\/uploads\/2022\/07\/C2-768x644.jpg 768w, https:\/\/maguiblock.com\/wp-content\/uploads\/2022\/07\/C2-1140x956.jpg 1140w, https:\/\/maguiblock.com\/wp-content\/uploads\/2022\/07\/C2-107x90.jpg 107w\" sizes=\"auto, (max-width: 1200px) 100vw, 1200px\" \/><br \/>\n                        <img decoding=\"async\" src=\"https:\/\/maguiblock.com\/wp-content\/uploads\/2020\/10\/shape_04.png\" alt=\"\" \/><br \/>\n\t\t\tOnline seminars<\/p>\n<h3>Start your transformation<\/h3>\n<p>                        <img decoding=\"async\" src=\"https:\/\/maguiblock.com\/wp-content\/uploads\/2022\/06\/espiral.png\" alt=\"espiral\" \/><br \/>\n                        <img decoding=\"async\" src=\"https:\/\/maguiblock.com\/wp-content\/uploads\/2022\/06\/Love-Transforms-1.png\" alt=\"Love-Transforms\" \/><\/p>\n<section>\n<article><a href=\"https:\/\/maguiblock.com\/en\/curso\/habilidades-terapeuticas\/\"><img decoding=\"async\" src=\"https:\/\/maguiblock.com\/wp-content\/uploads\/2022\/07\/Habilidades-Terapeuticas-740x540.jpg\" alt=\"\" \/><\/a>USD&#036;950.00<a href=\"https:\/\/maguiblock.com\/en\/course-category\/seminario\/\" rel=\"tag\">SEMINAR<\/a><\/p>\n<h4><a href=\"https:\/\/maguiblock.com\/en\/curso\/habilidades-terapeuticas\/\">THERAPEUTIC HABILITIES<\/a><\/h4>\n<p>por<br \/>\n\t<a href=\"https:\/\/maguiblock.com\/en\/instructor\/carinmblock\/\">Magui Block<\/a><br \/>\n<\/article>\n<article><a href=\"https:\/\/maguiblock.com\/en\/curso\/sanando-los-sistemas\/\"><img decoding=\"async\" src=\"https:\/\/maguiblock.com\/wp-content\/uploads\/2022\/07\/Sanando-los-Sistemas-740x540.jpg\" alt=\"\" \/><\/a>USD&#036;950.00<a href=\"https:\/\/maguiblock.com\/en\/course-category\/seminario\/\" rel=\"tag\">SEMINAR<\/a><\/p>\n<h4><a href=\"https:\/\/maguiblock.com\/en\/curso\/sanando-los-sistemas\/\">Healing systems<\/a><\/h4>\n<p>por<br \/>\n\t<a href=\"https:\/\/maguiblock.com\/en\/instructor\/carinmblock\/\">Magui Block<\/a><br \/>\n<\/article>\n<article><a href=\"https:\/\/maguiblock.com\/en\/curso\/sanando-la-familia\/\"><img decoding=\"async\" src=\"https:\/\/maguiblock.com\/wp-content\/uploads\/2022\/07\/Sanando-la-Familia-740x540.jpg\" alt=\"\" \/><\/a>USD&#036;950.00<a href=\"https:\/\/maguiblock.com\/en\/course-category\/seminario\/\" rel=\"tag\">SEMINAR<\/a><\/p>\n<h4><a href=\"https:\/\/maguiblock.com\/en\/curso\/sanando-la-familia\/\">Healing the family<\/a><\/h4>\n<p>por<br \/>\n\t<a href=\"https:\/\/maguiblock.com\/en\/instructor\/carinmblock\/\">Magui Block<\/a><br \/>\n<\/article>\n<article><a href=\"https:\/\/maguiblock.com\/en\/curso\/atrae-al-amor-de-tu-vida\/\"><img decoding=\"async\" src=\"https:\/\/maguiblock.com\/wp-content\/uploads\/2022\/07\/Atrae-al-Amor-de-tu-Vida-740x540.jpg\" alt=\"\" \/><\/a>USD&#036;950.00<a href=\"https:\/\/maguiblock.com\/en\/course-category\/seminario\/\" rel=\"tag\">SEMINAR<\/a><\/p>\n<h4><a href=\"https:\/\/maguiblock.com\/en\/curso\/atrae-al-amor-de-tu-vida\/\">Attract the love of your life<\/a><\/h4>\n<p>por<br \/>\n\t<a href=\"https:\/\/maguiblock.com\/en\/instructor\/carinmblock\/\">Magui Block<\/a><br \/>\n<\/article>\n<article><a href=\"https:\/\/maguiblock.com\/en\/curso\/constelaciones-sistemicas\/\"><img decoding=\"async\" src=\"https:\/\/maguiblock.com\/wp-content\/uploads\/2022\/07\/Constelaciones-Sistemicas-740x540.jpg\" alt=\"\" \/><\/a>USD&#036;950.00<a href=\"https:\/\/maguiblock.com\/en\/course-category\/seminario\/\" rel=\"tag\">SEMINAR<\/a><\/p>\n<h4><a href=\"https:\/\/maguiblock.com\/en\/curso\/constelaciones-sistemicas\/\">Constellations systemic<\/a><\/h4>\n<p>por<br \/>\n\t<a href=\"https:\/\/maguiblock.com\/en\/instructor\/carinmblock\/\">Magui Block<\/a><br \/>\n<\/article>\n<article><a href=\"https:\/\/maguiblock.com\/en\/curso\/maestria\/\"><img decoding=\"async\" src=\"https:\/\/maguiblock.com\/wp-content\/uploads\/2022\/07\/Maestria-740x540.jpg\" alt=\"\" \/><\/a>USD&#036;950.00<a href=\"https:\/\/maguiblock.com\/en\/course-category\/seminario\/\" rel=\"tag\">SEMINAR<\/a><\/p>\n<h4><a href=\"https:\/\/maguiblock.com\/en\/curso\/maestria\/\">MASTERS<\/a><\/h4>\n<p>por<br \/>\n\t<a href=\"https:\/\/maguiblock.com\/en\/instructor\/carinmblock\/\">Magui Block<\/a><br \/>\n<\/article>\n<\/section>","protected":false},"excerpt":{"rendered":"<p>Diplomado en constelaciones familiares Diplomado Convi\u00e9rtete en facilitadora(o) del m\u00e9todo Magui Block Claro, aqu\u00ed tienes el texto modificado: Te presento&#8230;<\/p>","protected":false},"author":214246893,"featured_media":0,"parent":0,"menu_order":0,"comment_status":"closed","ping_status":"closed","template":"","meta":{"_kad_blocks_custom_css":"","_kad_blocks_head_custom_js":"","_kad_blocks_body_custom_js":"","_kad_blocks_footer_custom_js":"","_kad_post_transparent":"","_kad_post_title":"","_kad_post_layout":"","_kad_post_sidebar_id":"","_kad_post_content_style":"","_kad_post_vertical_padding":"","_kad_post_feature":"","_kad_post_feature_position":"","_kad_post_header":false,"_kad_post_footer":false,"_kad_post_classname":"","footnotes":""},"class_list":["post-37792","page","type-page","status-publish","hentry"],"yoast_head":"<!-- This site is optimized with the Yoast SEO plugin v27.4 - https:\/\/yoast.com\/product\/yoast-seo-wordpress\/ -->\n<title>Diplomado en Constelaciones Familiares con Magui Block | Piscoterapeuta<\/title>\n<meta name=\"description\" content=\"Diplomado en constelaciones Familiares, con el que aprender\u00e1s el m\u00e9todo Magui Block\u00ae, que incluye las t\u00e9cnicas m\u00e1s avanzadas en psicoterapia.\" \/>\n<meta name=\"robots\" content=\"index, follow, max-snippet:-1, max-image-preview:large, max-video-preview:-1\" \/>\n<link rel=\"canonical\" href=\"https:\/\/maguiblock.com\/en\/diplomado-en-constelaciones-familiares\/\" \/>\n<meta property=\"og:locale\" content=\"en_US\" \/>\n<meta property=\"og:type\" content=\"article\" \/>\n<meta property=\"og:title\" content=\"Diplomado en Constelaciones Familiares con Magui Block | Piscoterapeuta\" \/>\n<meta property=\"og:description\" content=\"Diplomado en constelaciones Familiares, con el que aprender\u00e1s el m\u00e9todo Magui Block\u00ae, que incluye las t\u00e9cnicas m\u00e1s avanzadas en psicoterapia.\" \/>\n<meta property=\"og:url\" content=\"https:\/\/maguiblock.com\/en\/diplomado-en-constelaciones-familiares\/\" \/>\n<meta property=\"og:site_name\" content=\"Magui Block Psicoterap\u00e9uta\" \/>\n<meta property=\"article:modified_time\" content=\"2024-07-29T08:01:10+00:00\" \/>\n<meta property=\"og:image\" content=\"https:\/\/maguiblock.com\/wp-content\/uploads\/2022\/06\/Imagen-Magui-2_1200-x-1006-px.jpg\" \/>\n<meta name=\"twitter:card\" content=\"summary_large_image\" \/>\n<meta name=\"twitter:label1\" content=\"Est. reading time\" \/>\n\t<meta name=\"twitter:data1\" content=\"5 minutes\" \/>\n<script type=\"application\/ld+json\" class=\"yoast-schema-graph\">{\"@context\":\"https:\\\/\\\/schema.org\",\"@graph\":[{\"@type\":\"WebPage\",\"@id\":\"https:\\\/\\\/maguiblock.com\\\/diplomado-en-constelaciones-familiares\\\/\",\"url\":\"https:\\\/\\\/maguiblock.com\\\/diplomado-en-constelaciones-familiares\\\/\",\"name\":\"Diplomado en Constelaciones Familiares con Magui Block | Piscoterapeuta\",\"isPartOf\":{\"@id\":\"https:\\\/\\\/maguiblock.com\\\/#website\"},\"primaryImageOfPage\":{\"@id\":\"https:\\\/\\\/maguiblock.com\\\/diplomado-en-constelaciones-familiares\\\/#primaryimage\"},\"image\":{\"@id\":\"https:\\\/\\\/maguiblock.com\\\/diplomado-en-constelaciones-familiares\\\/#primaryimage\"},\"thumbnailUrl\":\"https:\\\/\\\/maguiblock.com\\\/wp-content\\\/uploads\\\/2022\\\/06\\\/Imagen-Magui-2_1200-x-1006-px.jpg\",\"datePublished\":\"2024-07-29T07:56:27+00:00\",\"dateModified\":\"2024-07-29T08:01:10+00:00\",\"description\":\"Diplomado en constelaciones Familiares, con el que aprender\u00e1s el m\u00e9todo Magui Block\u00ae, que incluye las t\u00e9cnicas m\u00e1s avanzadas en psicoterapia.\",\"breadcrumb\":{\"@id\":\"https:\\\/\\\/maguiblock.com\\\/diplomado-en-constelaciones-familiares\\\/#breadcrumb\"},\"inLanguage\":\"en-US\",\"potentialAction\":[{\"@type\":\"ReadAction\",\"target\":[\"https:\\\/\\\/maguiblock.com\\\/diplomado-en-constelaciones-familiares\\\/\"]}]},{\"@type\":\"ImageObject\",\"inLanguage\":\"en-US\",\"@id\":\"https:\\\/\\\/maguiblock.com\\\/diplomado-en-constelaciones-familiares\\\/#primaryimage\",\"url\":\"https:\\\/\\\/maguiblock.com\\\/wp-content\\\/uploads\\\/2022\\\/06\\\/Imagen-Magui-2_1200-x-1006-px.jpg\",\"contentUrl\":\"https:\\\/\\\/maguiblock.com\\\/wp-content\\\/uploads\\\/2022\\\/06\\\/Imagen-Magui-2_1200-x-1006-px.jpg\"},{\"@type\":\"BreadcrumbList\",\"@id\":\"https:\\\/\\\/maguiblock.com\\\/diplomado-en-constelaciones-familiares\\\/#breadcrumb\",\"itemListElement\":[{\"@type\":\"ListItem\",\"position\":1,\"name\":\"Portada\",\"item\":\"https:\\\/\\\/maguiblock.com\\\/\"},{\"@type\":\"ListItem\",\"position\":2,\"name\":\"Diplomado en constelaciones familiares\"}]},{\"@type\":\"WebSite\",\"@id\":\"https:\\\/\\\/maguiblock.com\\\/#website\",\"url\":\"https:\\\/\\\/maguiblock.com\\\/\",\"name\":\"Magui Block Psicoterap\u00e9uta\",\"description\":\"Transf\u00f3rmate con amor | Constelaciones familiares\",\"publisher\":{\"@id\":\"https:\\\/\\\/maguiblock.com\\\/#organization\"},\"potentialAction\":[{\"@type\":\"SearchAction\",\"target\":{\"@type\":\"EntryPoint\",\"urlTemplate\":\"https:\\\/\\\/maguiblock.com\\\/?s={search_term_string}\"},\"query-input\":{\"@type\":\"PropertyValueSpecification\",\"valueRequired\":true,\"valueName\":\"search_term_string\"}}],\"inLanguage\":\"en-US\"},{\"@type\":\"Organization\",\"@id\":\"https:\\\/\\\/maguiblock.com\\\/#organization\",\"name\":\"Magui Block Psicoterap\u00e9uta\",\"url\":\"https:\\\/\\\/maguiblock.com\\\/\",\"logo\":{\"@type\":\"ImageObject\",\"inLanguage\":\"en-US\",\"@id\":\"https:\\\/\\\/maguiblock.com\\\/#\\\/schema\\\/logo\\\/image\\\/\",\"url\":\"https:\\\/\\\/maguiblock.com\\\/wp-content\\\/uploads\\\/2026\\\/01\\\/Logo_Magui_color-2.png\",\"contentUrl\":\"https:\\\/\\\/maguiblock.com\\\/wp-content\\\/uploads\\\/2026\\\/01\\\/Logo_Magui_color-2.png\",\"width\":206,\"height\":67,\"caption\":\"Magui Block Psicoterap\u00e9uta\"},\"image\":{\"@id\":\"https:\\\/\\\/maguiblock.com\\\/#\\\/schema\\\/logo\\\/image\\\/\"}}]}<\/script>\n<!-- \/ Yoast SEO plugin. -->","yoast_head_json":{"title":"Diplomado en Constelaciones Familiares con Magui Block | Piscoterapeuta","description":"Diplomado en constelaciones Familiares, con el que aprender\u00e1s el m\u00e9todo Magui Block\u00ae, que incluye las t\u00e9cnicas m\u00e1s avanzadas en psicoterapia.","robots":{"index":"index","follow":"follow","max-snippet":"max-snippet:-1","max-image-preview":"max-image-preview:large","max-video-preview":"max-video-preview:-1"},"canonical":"https:\/\/maguiblock.com\/en\/diplomado-en-constelaciones-familiares\/","og_locale":"en_US","og_type":"article","og_title":"Diplomado en Constelaciones Familiares con Magui Block | Piscoterapeuta","og_description":"Diplomado en constelaciones Familiares, con el que aprender\u00e1s el m\u00e9todo Magui Block\u00ae, que incluye las t\u00e9cnicas m\u00e1s avanzadas en psicoterapia.","og_url":"https:\/\/maguiblock.com\/en\/diplomado-en-constelaciones-familiares\/","og_site_name":"Magui Block Psicoterap\u00e9uta","article_modified_time":"2024-07-29T08:01:10+00:00","og_image":[{"url":"https:\/\/maguiblock.com\/wp-content\/uploads\/2022\/06\/Imagen-Magui-2_1200-x-1006-px.jpg","type":"","width":"","height":""}],"twitter_card":"summary_large_image","twitter_misc":{"Est. reading time":"5 minutes"},"schema":{"@context":"https:\/\/schema.org","@graph":[{"@type":"WebPage","@id":"https:\/\/maguiblock.com\/diplomado-en-constelaciones-familiares\/","url":"https:\/\/maguiblock.com\/diplomado-en-constelaciones-familiares\/","name":"Diplomado en Constelaciones Familiares con Magui Block | Piscoterapeuta","isPartOf":{"@id":"https:\/\/maguiblock.com\/#website"},"primaryImageOfPage":{"@id":"https:\/\/maguiblock.com\/diplomado-en-constelaciones-familiares\/#primaryimage"},"image":{"@id":"https:\/\/maguiblock.com\/diplomado-en-constelaciones-familiares\/#primaryimage"},"thumbnailUrl":"https:\/\/maguiblock.com\/wp-content\/uploads\/2022\/06\/Imagen-Magui-2_1200-x-1006-px.jpg","datePublished":"2024-07-29T07:56:27+00:00","dateModified":"2024-07-29T08:01:10+00:00","description":"Diplomado en constelaciones Familiares, con el que aprender\u00e1s el m\u00e9todo Magui Block\u00ae, que incluye las t\u00e9cnicas m\u00e1s avanzadas en psicoterapia.","breadcrumb":{"@id":"https:\/\/maguiblock.com\/diplomado-en-constelaciones-familiares\/#breadcrumb"},"inLanguage":"en-US","potentialAction":[{"@type":"ReadAction","target":["https:\/\/maguiblock.com\/diplomado-en-constelaciones-familiares\/"]}]},{"@type":"ImageObject","inLanguage":"en-US","@id":"https:\/\/maguiblock.com\/diplomado-en-constelaciones-familiares\/#primaryimage","url":"https:\/\/maguiblock.com\/wp-content\/uploads\/2022\/06\/Imagen-Magui-2_1200-x-1006-px.jpg","contentUrl":"https:\/\/maguiblock.com\/wp-content\/uploads\/2022\/06\/Imagen-Magui-2_1200-x-1006-px.jpg"},{"@type":"BreadcrumbList","@id":"https:\/\/maguiblock.com\/diplomado-en-constelaciones-familiares\/#breadcrumb","itemListElement":[{"@type":"ListItem","position":1,"name":"Portada","item":"https:\/\/maguiblock.com\/"},{"@type":"ListItem","position":2,"name":"Diplomado en constelaciones familiares"}]},{"@type":"WebSite","@id":"https:\/\/maguiblock.com\/#website","url":"https:\/\/maguiblock.com\/","name":"Magui Block Psicoterap\u00e9uta","description":"Transf\u00f3rmate con amor | Constelaciones familiares","publisher":{"@id":"https:\/\/maguiblock.com\/#organization"},"potentialAction":[{"@type":"SearchAction","target":{"@type":"EntryPoint","urlTemplate":"https:\/\/maguiblock.com\/?s={search_term_string}"},"query-input":{"@type":"PropertyValueSpecification","valueRequired":true,"valueName":"search_term_string"}}],"inLanguage":"en-US"},{"@type":"Organization","@id":"https:\/\/maguiblock.com\/#organization","name":"Magui Block Psicoterap\u00e9uta","url":"https:\/\/maguiblock.com\/","logo":{"@type":"ImageObject","inLanguage":"en-US","@id":"https:\/\/maguiblock.com\/#\/schema\/logo\/image\/","url":"https:\/\/maguiblock.com\/wp-content\/uploads\/2026\/01\/Logo_Magui_color-2.png","contentUrl":"https:\/\/maguiblock.com\/wp-content\/uploads\/2026\/01\/Logo_Magui_color-2.png","width":206,"height":67,"caption":"Magui Block Psicoterap\u00e9uta"},"image":{"@id":"https:\/\/maguiblock.com\/#\/schema\/logo\/image\/"}}]}},"featured_image_src_large":false,"author_info":{"display_name":"Magui Block","author_link":"https:\/\/maguiblock.com\/en\/author\/carinmblock\/"},"comment_info":0,"taxonomy_info":[],"_links":{"self":[{"href":"https:\/\/maguiblock.com\/en\/wp-json\/wp\/v2\/pages\/37792","targetHints":{"allow":["GET"]}}],"collection":[{"href":"https:\/\/maguiblock.com\/en\/wp-json\/wp\/v2\/pages"}],"about":[{"href":"https:\/\/maguiblock.com\/en\/wp-json\/wp\/v2\/types\/page"}],"author":[{"embeddable":true,"href":"https:\/\/maguiblock.com\/en\/wp-json\/wp\/v2\/users\/214246893"}],"replies":[{"embeddable":true,"href":"https:\/\/maguiblock.com\/en\/wp-json\/wp\/v2\/comments?post=37792"}],"version-history":[{"count":4,"href":"https:\/\/maguiblock.com\/en\/wp-json\/wp\/v2\/pages\/37792\/revisions"}],"predecessor-version":[{"id":37796,"href":"https:\/\/maguiblock.com\/en\/wp-json\/wp\/v2\/pages\/37792\/revisions\/37796"}],"wp:attachment":[{"href":"https:\/\/maguiblock.com\/en\/wp-json\/wp\/v2\/media?parent=37792"}],"curies":[{"name":"wp","href":"https:\/\/api.w.org\/{rel}","templated":true}]}}